{"id":1079,"date":"2013-09-08T18:34:16","date_gmt":"2013-09-08T18:34:16","guid":{"rendered":"http:\/\/schuetzenbruderschaft-schmitzhoehe.de\/wp\/?page_id=1079"},"modified":"2024-06-24T11:03:55","modified_gmt":"2024-06-24T09:03:55","slug":"bilder-2013","status":"publish","type":"page","link":"https:\/\/schuetzenbruderschaft-schmitzhoehe.de\/wp\/?page_id=1079","title":{"rendered":"Bilder 2013"},"content":{"rendered":"<p style=\"text-align: center;\">*<a title=\"Adventsfeier Senioren\" href=\"http:\/\/schuetzenbruderschaft-schmitzhoehe.de\/wp\/?page_id=1320\">Adventsfeier Senioren<\/a>*<br \/>\n*<a title=\"B\u00fcrgerschie\u00dfen 2013\" href=\"http:\/\/schuetzenbruderschaft-schmitzhoehe.de\/wp\/?page_id=1318\">B\u00fcrgerschie\u00dfen<\/a>*<br \/>\n* <a title=\"Sch\u00fctzenfest 2013\" href=\"http:\/\/schuetzenbruderschaft-schmitzhoehe.de\/wp\/?page_id=1137\" target=\"_blank\" rel=\"noopener\">Sch\u00fctzenfest<\/a> *<br \/>\n* <a title=\"S\u00e4ngervogelschie\u00dfen 2013\" href=\"http:\/\/schuetzenbruderschaft-schmitzhoehe.de\/wp\/?page_id=1122\">S\u00e4ngervogelschie\u00dfen<\/a> *<br \/>\n* <a title=\"Vogelschie\u00dfen 2013\" href=\"http:\/\/schuetzenbruderschaft-schmitzhoehe.de\/wp\/?page_id=1088\" target=\"_blank\" rel=\"noopener\">Vogelschie\u00dfen<\/a> *<br \/>\n* <a title=\"Wandertag 2013\" href=\"http:\/\/schuetzenbruderschaft-schmitzhoehe.de\/wp\/?page_id=1090\" target=\"_blank\" rel=\"noopener\">Wandertag<\/a> *<\/p>\n","protected":false},"excerpt":{"rendered":"<p>*Adventsfeier Senioren* *B\u00fcrgerschie\u00dfen* * Sch\u00fctzenfest * * S\u00e4ngervogelschie\u00dfen * * Vogelschie\u00dfen * * Wandertag *<\/p>\n","protected":false},"author":1,"featured_media":0,"parent":172,"menu_order":29,"comment_status":"closed","ping_status":"closed","template":"onecolumn-page.php","meta":{"footnotes":""},"class_list":["post-1079","page","type-page","status-publish","hentry"],"_links":{"self":[{"href":"https:\/\/schuetzenbruderschaft-schmitzhoehe.de\/wp\/index.php?rest_route=\/wp\/v2\/pages\/1079","targetHints":{"allow":["GET"]}}],"collection":[{"href":"https:\/\/schuetzenbruderschaft-schmitzhoehe.de\/wp\/index.php?rest_route=\/wp\/v2\/pages"}],"about":[{"href":"https:\/\/schuetzenbruderschaft-schmitzhoehe.de\/wp\/index.php?rest_route=\/wp\/v2\/types\/page"}],"author":[{"embeddable":true,"href":"https:\/\/schuetzenbruderschaft-schmitzhoehe.de\/wp\/index.php?rest_route=\/wp\/v2\/users\/1"}],"replies":[{"embeddable":true,"href":"https:\/\/schuetzenbruderschaft-schmitzhoehe.de\/wp\/index.php?rest_route=%2Fwp%2Fv2%2Fcomments&post=1079"}],"version-history":[{"count":7,"href":"https:\/\/schuetzenbruderschaft-schmitzhoehe.de\/wp\/index.php?rest_route=\/wp\/v2\/pages\/1079\/revisions"}],"predecessor-version":[{"id":2742,"href":"https:\/\/schuetzenbruderschaft-schmitzhoehe.de\/wp\/index.php?rest_route=\/wp\/v2\/pages\/1079\/revisions\/2742"}],"up":[{"embeddable":true,"href":"https:\/\/schuetzenbruderschaft-schmitzhoehe.de\/wp\/index.php?rest_route=\/wp\/v2\/pages\/172"}],"wp:attachment":[{"href":"https:\/\/schuetzenbruderschaft-schmitzhoehe.de\/wp\/index.php?rest_route=%2Fwp%2Fv2%2Fmedia&parent=1079"}],"curies":[{"name":"wp","href":"https:\/\/api.w.org\/{rel}","templated":true}]}}