{"id":13,"date":"2013-05-17T06:46:13","date_gmt":"2013-05-17T06:46:13","guid":{"rendered":"http:\/\/schuetzenbruderschaft-schmitzhoehe.de\/wp\/?page_id=13"},"modified":"2015-01-30T10:34:52","modified_gmt":"2015-01-30T10:34:52","slug":"uber-uns","status":"publish","type":"page","link":"https:\/\/schuetzenbruderschaft-schmitzhoehe.de\/wp\/?page_id=13","title":{"rendered":"\u00dcber uns"},"content":{"rendered":"<p>In einer ehemaligen Gastst\u00e4tte in Kalkofen stand die Wiege der heutigen Sch\u00fctzenbruderschaft Schmitzh\u00f6he.<br \/>\nMan schrieb das Jahr 1928, als in dieser Gastst\u00e4tte einigen M\u00e4nnern der Gedanke kam, einen Sch\u00fctzenverein zu gr\u00fcnden. Aus diesen Ideen und Planungen entstand eine Sch\u00fctzengesellschaft. Der 1. Vorsitzende wurde Wilhelm Hock, Lehrer in Kalkofen. Auf der ,,Freudenb\u00fcnn&#8220;, ein kleiner Saal in der oberen Etage dieser Gastst\u00e4tte, machte man die ersten Gehversuche&#8230;.<\/p>\n<p>&#8230;..Heute z\u00e4hlt die Bruderschaft ca. 110 Mitglieder aus nah und fern.<\/p>\n<p>Einige Ausz\u00fcge aus der Chronik geben einen Einblick in das Vereinsleben.<\/p>\n<p style=\"text-align: left;\"><a title=\"1928 bis 1949\" href=\"http:\/\/schuetzenbruderschaft-schmitzhoehe.de\/wp\/?page_id=17\">&#8211;&gt; weiterlesen 1924-1949<\/a><\/p>\n<p style=\"text-align: left;\">\n","protected":false},"excerpt":{"rendered":"<p>In einer ehemaligen Gastst\u00e4tte in Kalkofen stand die Wiege der heutigen Sch\u00fctzenbruderschaft Schmitzh\u00f6he. Man schrieb das Jahr 1928, als in dieser Gastst\u00e4tte einigen M\u00e4nnern der Gedanke kam, einen Sch\u00fctzenverein zu gr\u00fcnden. Aus diesen Ideen und Planungen entstand eine Sch\u00fctzengesellschaft. Der &hellip; <a href=\"https:\/\/schuetzenbruderschaft-schmitzhoehe.de\/wp\/?page_id=13\">Weiterlesen <span class=\"meta-nav\">&rarr;<\/span><\/a><\/p>\n","protected":false},"author":1,"featured_media":0,"parent":0,"menu_order":1,"comment_status":"closed","ping_status":"closed","template":"onecolumn-page.php","meta":{"footnotes":""},"class_list":["post-13","page","type-page","status-publish","hentry"],"_links":{"self":[{"href":"https:\/\/schuetzenbruderschaft-schmitzhoehe.de\/wp\/index.php?rest_route=\/wp\/v2\/pages\/13","targetHints":{"allow":["GET"]}}],"collection":[{"href":"https:\/\/schuetzenbruderschaft-schmitzhoehe.de\/wp\/index.php?rest_route=\/wp\/v2\/pages"}],"about":[{"href":"https:\/\/schuetzenbruderschaft-schmitzhoehe.de\/wp\/index.php?rest_route=\/wp\/v2\/types\/page"}],"author":[{"embeddable":true,"href":"https:\/\/schuetzenbruderschaft-schmitzhoehe.de\/wp\/index.php?rest_route=\/wp\/v2\/users\/1"}],"replies":[{"embeddable":true,"href":"https:\/\/schuetzenbruderschaft-schmitzhoehe.de\/wp\/index.php?rest_route=%2Fwp%2Fv2%2Fcomments&post=13"}],"version-history":[{"count":16,"href":"https:\/\/schuetzenbruderschaft-schmitzhoehe.de\/wp\/index.php?rest_route=\/wp\/v2\/pages\/13\/revisions"}],"predecessor-version":[{"id":1375,"href":"https:\/\/schuetzenbruderschaft-schmitzhoehe.de\/wp\/index.php?rest_route=\/wp\/v2\/pages\/13\/revisions\/1375"}],"wp:attachment":[{"href":"https:\/\/schuetzenbruderschaft-schmitzhoehe.de\/wp\/index.php?rest_route=%2Fwp%2Fv2%2Fmedia&parent=13"}],"curies":[{"name":"wp","href":"https:\/\/api.w.org\/{rel}","templated":true}]}}