{"id":25,"date":"2013-05-17T07:06:19","date_gmt":"2013-05-17T07:06:19","guid":{"rendered":"http:\/\/schuetzenbruderschaft-schmitzhoehe.de\/wp\/?page_id=25"},"modified":"2015-01-30T10:38:30","modified_gmt":"2015-01-30T10:38:30","slug":"chronik5-2003-75-jahre-schutzenbruderschaft","status":"publish","type":"page","link":"https:\/\/schuetzenbruderschaft-schmitzhoehe.de\/wp\/?page_id=25","title":{"rendered":"2003 &#8211; 75 Jahre Sch\u00fctzenbruderschaft"},"content":{"rendered":"<p>2003 unser amtierender Prinz wurde Bezirksprinz und Di\u00f6zesanprinz. Ferner feiern wir in diesem Jahr uns 75j\u00e4hriges Jubil\u00e4um.<\/p>\n<p>Nach fast 2 Jahren Vorbereitung durch Vorstand und Festausschuss konnte es nun endlich losgehen.<\/p>\n<p>Nachdem das Zelt bereits am Donnerstag aufgebaut und der Festplatz gestellt war, konnten am Freitag gegen 18.00 Uhr die T\u00fcren des Zelts f\u00fcr die 5. Kinderdisco ge\u00f6ffnet werden. 60-80 Kinder und teilweise deren Eltern zappelten, tanzten und hatten immer mehr das Verlangen im dicken Nebel auf der Tanzfl\u00e4che zu toben. Gegen 20:15 Uhr wurde das letzte Lied gespielt, um danach das Zelt f\u00fcr die \u201eGro\u00dfen\u201c frei zu geben.<\/p>\n<p>Wie auch schon in den Jahren zuvor, f\u00fcllte sich das Zelt bis 22:30 Uhr sehr schleppend. Doch dann kam der ersehnte Besucherschwung doch noch. Es herrschte eine gute Stimmung die auch bis zum Schluss gegen 02:30 Uhr anhielt. Nach dem Abbau der Disco verlie\u00df auch gegen 04:30 Uhr der letzte das Zelt. Am Samstag ging es um 09:00 Uhr mit dem Schm\u00fccken des Zeltes los. Wie gewohnt, fanden sich auch diesmal wieder die Helfer ein, um tatkr\u00e4ftig mit anzupacken. Es wurden die Tische und St\u00fchle gestellte, Fahnen und Bilder aufgeh\u00e4ngt, der Blumenschmuck angebracht und das Zelt wetterfest gemacht. Durch die Mithilfe der Sch\u00fctzenfrauen, die im Vorfeld 600 Meter gr\u00fcn \u2013 wei\u00dfe Girlanden getackert hatten, konnten nun auch die Ortseinfahrten und die Stra\u00dfen rund um die Kirche geschm\u00fcckt werden. Denn, wie es sich f\u00fcr ein Jubelfest geh\u00f6rt, sollen ja auch die G\u00e4ste nett und feierlich empfangen werden. Gegen 13:00 Uhr waren alle Arbeiten getan. Lediglich einige Damen trafen sich noch am Nachmittag um den Blumenschmuck f\u00fcr die Tische zu fertigen.<\/p>\n<p>F\u00fcr den Tanzabend am Abend der leider nicht so stark besucht war, konnten ausw\u00e4rtige Kr\u00e4fte zur Ausmalung des Festes engagiert werden. Ein Auftritt der Tanzbienen aus Troisdorf war eine tolle akrobatische Leistung. Zu einem sp\u00e4teren Zeitpunkt erfolgte ein Angriff auf die Lachmuskeln. G\u00e9rad mit Dino und Freddi ist ein Bauchredner der ersten Klasse. Man kann sicherlich sagen, es war niemand der nicht gelacht hat. Ein Paradest\u00fcck war die Zugabe. Hier wurden zwei Leute ausgew\u00e4hlt, die nun den Ersatz der Puppen bildeten. Eine ganz besondere Freunde waren uns die wohl am weitesten angereisten G\u00e4ste aus Engelbostel aus der N\u00e4he von Hannover.<\/p>\n<p>Ein weiterer H\u00f6hepunkt war nat\u00fcrlich wieder einmal die Verlosung. Als Zugabe zum Jubil\u00e4um wurden unter allen im Zelt verkauften<\/p>\n<p>Losen eine Sonderpreis verlost. Etliche Besucher gingen reich bepackt nach der letzten Tanzrunde gegen 0:30 Uhr nach Hause.<\/p>\n<p>Der eigentliche Festtag war aber der Sonntag. Bereits um 08:00 Uhr waren die ersten Sch\u00fctzinnen und Sch\u00fctzen am Zelt um die Platzreservierungen aufzustellen und die Tische f\u00fcr den Festkommers zu dekorieren. Anschlie\u00dfend wurden die Vorbereitungen f\u00fcr die Zugaufstellung get\u00e4tigt, um im Anschluss daran, die ausw\u00e4rtigen Bruderschaften und Vereine, sowie die G\u00e4ste aus nah und fern zu empfangen.<\/p>\n<p>Die feierliche Messe in der Kirche wurde durch Mitgestaltung des M\u00e4nnergesangsverein, des Kirchenchors, des jungen Chors Young Voices und des Musikvereins Offermannsheide zum ersten H\u00f6hepunkt an diesem Morgen. Im Anschluss an den Gottesdienst folgte die Totenehrung unserer verstorbenen Sch\u00fctzen. Da zu diesem fest niemand hervorgehoben werden sollte, wurden alle Verstorben seit Gr\u00fcndung 1928 namentlich erw\u00e4hnt.<\/p>\n<p>Gegen 11:00 Uhr war Antreten zum Festzug durch die Stra\u00dfen von Schmitzh\u00f6he. Unterst\u00fctzt wurden die Sch\u00fctzen durch die Musikvereine aus Linde und Offermannsheide, sowie den Tambocor aus Wipperf\u00fcrth und Herkenrath. Das gute Wetter und die wundersch\u00f6n geschm\u00fcckten Grundst\u00fccke der Anwohner boten den Teilnehmern einen tollen Anblick. Fast alle der Anwohner waren der Bitte gefolgt, mit den bereitgestellten und an jeden Anlieger verteilten Luftballons, ihre Hauser, G\u00e4rten und Z\u00e4une f\u00fcr unseren Festzug zu schm\u00fccken. Hierf\u00fcr recht herzlichen Dank.<\/p>\n<p>Am Festplatz wieder angekommen zogen die Fahnen und Majest\u00e4ten mit ihren Abordnungen in das Festzelt auf ihre reservierten Pl\u00e4tze. Neben den Bruderschaften und Vereinen waren viele Pers\u00f6nlichkeiten aus Reigen der Politik und des Sch\u00fctzenbundes vertreten. Gegen 12.00 Uhr begann der eigentliche Festkommers. Ein chronologische Historie mit markanten Eckpunkten bildetet den Anfang, bevor die Festreden und Gratulanten zu Wort kamen. Jeder Gast, bzw. Bruderschaft und Verein, bekam als Dankesch\u00f6n und als Erinnerung an unser Jubelfest eine Schieferplatte, die mit einer Platte aus Edelstahl mit dem Logo und einer Widmung bedruckt war, geschenkt.<\/p>\n<p>Mit der Ehrung verdienter Sch\u00fctzen durch den Vertreter des Sch\u00fctzenbundes und des Bezirksverbandes endete der Festkommers gegen 14:00 Uhr.<\/p>\n<p>W\u00e4hrend des Auftritts der Kindertanzgruppe der Tanzschule Leyer wurde auch die Cafeteria im Pfarrsaal er\u00f6ffnet. Der ausgedehnte Fr\u00fchschoppen endete in den fr\u00fchen Abendstunden.<\/p>\n<p>In diesem Jahr blieb zum ersten mal das Zelt am Montagmorgen geschlossen. Jedoch fand in alter Weise die Kinderbelustigung im Kircheninnenhof f\u00fcr die Kinder der Kinderg\u00e4rten und der Schule statt.<\/p>\n<p>Bereits um 08:00 hatten flei\u00dfige Helfer die Attraktionen aufgebaut. Neben Kinderschminken, Torwandschie\u00dfen und der Wurfbude gab es wieder zahlreiche kleinere M\u00f6glichkeiten an Preise und S\u00fc\u00dfes zu gelangen. Nach Ende der Kinderbelustigung machte sich ein kleiner Tross von Leuten zum neuen K\u00f6nig, der es sich nicht hat nehmen lassen einen kleinen Beitrag zum leiblichen Wohl dieser beizusteuern.<\/p>\n<p>Gegen 18:00 Uhr trafen die ersten Bruderschaften und Vereine zur Abholung der neuen Majest\u00e4ten ein. Unterst\u00fctz durch den Musikverein Offermannsheide ging es durch die Stra\u00dfen von Schmitzh\u00f6he.<\/p>\n<p>Nach dem Einzug ins Festzelt stand der Kr\u00f6nung der Majest\u00e4ten nichts mehr im Wege. Die Er\u00f6ffnung des Kr\u00f6nungsballs mit dem Ehrentanz, war der Startschuss f\u00fcr einen langen Kr\u00f6nungsabend und ein toller Abschluss f\u00fcr unser Fest. Einige Sch\u00fctzen die immer noch nicht genug vom Feiern hatten gingen noch zu Umtr\u00fcnken und n\u00e4chtlichen Eierbratereien, ehe sie dann am fr\u00fchen Morgen nach Hause gingen.<\/p>\n<p>Am Dienstag, der Morgen war noch recht fr\u00fch, hatten sich die Sch\u00fctzinnen und Sch\u00fctzen zum Aufr\u00e4umen getroffen, um all den Zeltschmuck, die Girlanden und St\u00fchle wieder an Ort und Stelle zu verbringen, damit sie auch beim n\u00e4chsten mal wieder zur Verf\u00fcgung stehen. Nach einer wohlverdienten Kaffeepause mit dem Restkuchen vom Vortag und den letzten Aufr\u00e4umarbeiten wurde Einzug ins Vereinslokal gehalten, wo wieder einmal, ein leckeres, von unserem Vereinswirt gestiftetes, Mittagessen auf alle Helfer wartete. Am fr\u00fchen Nachmittag l\u00f6ste sich die Helferschar auf.<\/p>\n<p>Res\u00fcmee: Das Jubil\u00e4um war ein gro\u00dfer Erfolg f\u00fcr unserer Bruderschaft, welches jedoch ohne die Hilfe der eigenen Sch\u00fctzinnen und Sch\u00fctzen, der Besucher, der Anwohner, der befreundeten Bruderschaften und Vereine, der Schausteller, sowie aller Werbenden und Losk\u00e4ufer nicht dazu geworden w\u00e4re.<\/p>\n<p><a title=\"2004 bis heute\" href=\"http:\/\/schuetzenbruderschaft-schmitzhoehe.de\/wp\/?page_id=27\">&#8211;&gt; weiterlesen 2004 &#8211; Heute<\/a><\/p>\n","protected":false},"excerpt":{"rendered":"<p>2003 unser amtierender Prinz wurde Bezirksprinz und Di\u00f6zesanprinz. Ferner feiern wir in diesem Jahr uns 75j\u00e4hriges Jubil\u00e4um. Nach fast 2 Jahren Vorbereitung durch Vorstand und Festausschuss konnte es nun endlich losgehen. Nachdem das Zelt bereits am Donnerstag aufgebaut und der &hellip; <a href=\"https:\/\/schuetzenbruderschaft-schmitzhoehe.de\/wp\/?page_id=25\">Weiterlesen <span class=\"meta-nav\">&rarr;<\/span><\/a><\/p>\n","protected":false},"author":1,"featured_media":0,"parent":13,"menu_order":5,"comment_status":"closed","ping_status":"closed","template":"onecolumn-page.php","meta":{"footnotes":""},"class_list":["post-25","page","type-page","status-publish","hentry"],"_links":{"self":[{"href":"https:\/\/schuetzenbruderschaft-schmitzhoehe.de\/wp\/index.php?rest_route=\/wp\/v2\/pages\/25","targetHints":{"allow":["GET"]}}],"collection":[{"href":"https:\/\/schuetzenbruderschaft-schmitzhoehe.de\/wp\/index.php?rest_route=\/wp\/v2\/pages"}],"about":[{"href":"https:\/\/schuetzenbruderschaft-schmitzhoehe.de\/wp\/index.php?rest_route=\/wp\/v2\/types\/page"}],"author":[{"embeddable":true,"href":"https:\/\/schuetzenbruderschaft-schmitzhoehe.de\/wp\/index.php?rest_route=\/wp\/v2\/users\/1"}],"replies":[{"embeddable":true,"href":"https:\/\/schuetzenbruderschaft-schmitzhoehe.de\/wp\/index.php?rest_route=%2Fwp%2Fv2%2Fcomments&post=25"}],"version-history":[{"count":7,"href":"https:\/\/schuetzenbruderschaft-schmitzhoehe.de\/wp\/index.php?rest_route=\/wp\/v2\/pages\/25\/revisions"}],"predecessor-version":[{"id":1382,"href":"https:\/\/schuetzenbruderschaft-schmitzhoehe.de\/wp\/index.php?rest_route=\/wp\/v2\/pages\/25\/revisions\/1382"}],"up":[{"embeddable":true,"href":"https:\/\/schuetzenbruderschaft-schmitzhoehe.de\/wp\/index.php?rest_route=\/wp\/v2\/pages\/13"}],"wp:attachment":[{"href":"https:\/\/schuetzenbruderschaft-schmitzhoehe.de\/wp\/index.php?rest_route=%2Fwp%2Fv2%2Fmedia&parent=25"}],"curies":[{"name":"wp","href":"https:\/\/api.w.org\/{rel}","templated":true}]}}