{"id":27,"date":"2013-05-17T07:08:00","date_gmt":"2013-05-17T07:08:00","guid":{"rendered":"http:\/\/schuetzenbruderschaft-schmitzhoehe.de\/wp\/?page_id=27"},"modified":"2015-01-30T10:38:50","modified_gmt":"2015-01-30T10:38:50","slug":"chronik6","status":"publish","type":"page","link":"https:\/\/schuetzenbruderschaft-schmitzhoehe.de\/wp\/?page_id=27","title":{"rendered":"2004 bis heute"},"content":{"rendered":"<p>Im Jahr 2004 fuhren unserer Jung- uns Sch\u00fclersch\u00fctzen gemeinsam zum Bundesjungsch\u00fctzentag und hatte dabei sehr viel Spa\u00df. Ein Sommerfest f\u00fcr Jung und Alt fand am 19.06. rund um den Schie\u00dfstand statt. Torwandschie\u00dfen, Bobbycar- Rennen und die Pr\u00e4sentation eines Einsatzfahrzeug der Freiwilligen Feuerwehr Hohkeppel waren die Attraktionen. Im Schie\u00dfport wurden wieder Vereinsmeisterschaften in mehren Disziplinen durchgef\u00fchrt. Zahlreiche Startungen brachten den richtigen Erfolg.<\/p>\n<p>Ein Wehrmutstropfen hatte das Jahr 2004 ebenfalls. Der Kr\u00f6nungsball wurde von Montag auf Samstag verschoben. Lediglich die Kinderbelustigung fand nur noch am Montagmorgen statt.<\/p>\n<p>2005 erlangte unser Hauptmann Hans-Alo H\u00f6ller die Kaiserw\u00fcrde. Gleichzeitig konnte mit Dominik H\u00f6ller der j\u00fcngste K\u00f6nig der Vereinsgeschichte gekr\u00f6nt werden. Die Jung und Sch\u00fclersch\u00fctzen machten in diesem Jahr erst mal eine Kanutour auf der Sieg und schlossen den Tag mit einem gemeinsamen Grillen ab.<\/p>\n<p>Zusammenfassend sei gesagt, wir blicken auf eine erfolgreiche Vereinsgeschichte zur\u00fcck. Wir hoffen und w\u00fcnschen, dass diese Vereinsgeschichte auch in Zukunft ebenso erfolgreich sein wird f\u00fcr\u00a0Glaube, Sitte und Heimat<\/p>\n","protected":false},"excerpt":{"rendered":"<p>Im Jahr 2004 fuhren unserer Jung- uns Sch\u00fclersch\u00fctzen gemeinsam zum Bundesjungsch\u00fctzentag und hatte dabei sehr viel Spa\u00df. Ein Sommerfest f\u00fcr Jung und Alt fand am 19.06. rund um den Schie\u00dfstand statt. Torwandschie\u00dfen, Bobbycar- Rennen und die Pr\u00e4sentation eines Einsatzfahrzeug der &hellip; <a href=\"https:\/\/schuetzenbruderschaft-schmitzhoehe.de\/wp\/?page_id=27\">Weiterlesen <span class=\"meta-nav\">&rarr;<\/span><\/a><\/p>\n","protected":false},"author":1,"featured_media":0,"parent":13,"menu_order":6,"comment_status":"closed","ping_status":"closed","template":"onecolumn-page.php","meta":{"footnotes":""},"class_list":["post-27","page","type-page","status-publish","hentry"],"_links":{"self":[{"href":"https:\/\/schuetzenbruderschaft-schmitzhoehe.de\/wp\/index.php?rest_route=\/wp\/v2\/pages\/27","targetHints":{"allow":["GET"]}}],"collection":[{"href":"https:\/\/schuetzenbruderschaft-schmitzhoehe.de\/wp\/index.php?rest_route=\/wp\/v2\/pages"}],"about":[{"href":"https:\/\/schuetzenbruderschaft-schmitzhoehe.de\/wp\/index.php?rest_route=\/wp\/v2\/types\/page"}],"author":[{"embeddable":true,"href":"https:\/\/schuetzenbruderschaft-schmitzhoehe.de\/wp\/index.php?rest_route=\/wp\/v2\/users\/1"}],"replies":[{"embeddable":true,"href":"https:\/\/schuetzenbruderschaft-schmitzhoehe.de\/wp\/index.php?rest_route=%2Fwp%2Fv2%2Fcomments&post=27"}],"version-history":[{"count":6,"href":"https:\/\/schuetzenbruderschaft-schmitzhoehe.de\/wp\/index.php?rest_route=\/wp\/v2\/pages\/27\/revisions"}],"predecessor-version":[{"id":1383,"href":"https:\/\/schuetzenbruderschaft-schmitzhoehe.de\/wp\/index.php?rest_route=\/wp\/v2\/pages\/27\/revisions\/1383"}],"up":[{"embeddable":true,"href":"https:\/\/schuetzenbruderschaft-schmitzhoehe.de\/wp\/index.php?rest_route=\/wp\/v2\/pages\/13"}],"wp:attachment":[{"href":"https:\/\/schuetzenbruderschaft-schmitzhoehe.de\/wp\/index.php?rest_route=%2Fwp%2Fv2%2Fmedia&parent=27"}],"curies":[{"name":"wp","href":"https:\/\/api.w.org\/{rel}","templated":true}]}}